{"id":4640,"date":"2024-06-25T00:29:09","date_gmt":"2024-06-25T00:29:09","guid":{"rendered":"https:\/\/republicaandrezz.com.br\/beta\/?page_id=4640"},"modified":"2024-08-29T23:20:28","modified_gmt":"2024-08-29T23:20:28","slug":"nossas-unidades","status":"publish","type":"page","link":"https:\/\/republicaandrezz.com.br\/beta\/","title":{"rendered":"Nossas Unidades"},"content":{"rendered":"\t\t<div data-elementor-type=\"wp-post\" data-elementor-id=\"4640\" class=\"elementor elementor-4640\">\n\t\t\t\t\t\t<section class=\"elementor-section elementor-top-section elementor-element elementor-element-4c96fae elementor-section-boxed elementor-section-height-default elementor-section-height-default\" data-id=\"4c96fae\" data-element_type=\"section\" data-e-type=\"section\">\n\t\t\t\t\t\t<div class=\"elementor-container elementor-column-gap-default\">\n\t\t\t\t\t<div class=\"elementor-column elementor-col-100 elementor-top-column elementor-element elementor-element-909bb14\" data-id=\"909bb14\" data-element_type=\"column\" data-e-type=\"column\" data-settings=\"{&quot;background_background&quot;:&quot;slideshow&quot;,&quot;background_slideshow_ken_burns&quot;:&quot;yes&quot;,&quot;background_slideshow_ken_burns_zoom_direction&quot;:&quot;out&quot;,&quot;background_slideshow_gallery&quot;:[],&quot;background_slideshow_slide_duration&quot;:5000,&quot;background_slideshow_slide_transition&quot;:&quot;fade&quot;,&quot;background_slideshow_transition_duration&quot;:500}\">\n\t\t\t<div class=\"elementor-widget-wrap elementor-element-populated\">\n\t\t\t\t<div class=\"elementor-element elementor-element-5193b2f e-flex e-con-boxed e-con e-parent\" data-id=\"5193b2f\" data-element_type=\"container\" data-e-type=\"container\" data-settings=\"{&quot;background_background&quot;:&quot;slideshow&quot;,&quot;background_slideshow_gallery&quot;:[{&quot;id&quot;:4771,&quot;url&quot;:&quot;https:\\\/\\\/republicaandrezz.com.br\\\/beta\\\/wp-content\\\/uploads\\\/2024\\\/08\\\/ufmg.jpg&quot;},{&quot;id&quot;:4772,&quot;url&quot;:&quot;https:\\\/\\\/republicaandrezz.com.br\\\/beta\\\/wp-content\\\/uploads\\\/2024\\\/08\\\/mineirao.jpg&quot;},{&quot;id&quot;:4774,&quot;url&quot;:&quot;https:\\\/\\\/republicaandrezz.com.br\\\/beta\\\/wp-content\\\/uploads\\\/2024\\\/08\\\/pampulha.jpg&quot;}],&quot;background_slideshow_slide_transition&quot;:&quot;slide_left&quot;,&quot;background_slideshow_slide_duration&quot;:8000,&quot;background_slideshow_loop&quot;:&quot;yes&quot;,&quot;background_slideshow_transition_duration&quot;:500}\">\n\t\t\t\t\t<div class=\"e-con-inner\">\n\t\t\t\t<div class=\"elementor-element elementor-element-8aa216c elementor-widget elementor-widget-image\" data-id=\"8aa216c\" data-element_type=\"widget\" data-e-type=\"widget\" data-widget_type=\"image.default\">\n\t\t\t\t<div class=\"elementor-widget-container\">\n\t\t\t\t\t\t\t\t\t\t\t\t\t\t\t<img decoding=\"async\" width=\"300\" height=\"157\" src=\"https:\/\/republicaandrezz.com.br\/beta\/wp-content\/uploads\/2024\/06\/officia-300x157.png\" class=\"attachment-medium size-medium wp-image-4388\" alt=\"\" srcset=\"https:\/\/republicaandrezz.com.br\/beta\/wp-content\/uploads\/2024\/06\/officia-300x157.png 300w, https:\/\/republicaandrezz.com.br\/beta\/wp-content\/uploads\/2024\/06\/officia-550x288.png 550w, https:\/\/republicaandrezz.com.br\/beta\/wp-content\/uploads\/2024\/06\/officia-1024x536.png 1024w, https:\/\/republicaandrezz.com.br\/beta\/wp-content\/uploads\/2024\/06\/officia-768x402.png 768w, https:\/\/republicaandrezz.com.br\/beta\/wp-content\/uploads\/2024\/06\/officia-1536x804.png 1536w, https:\/\/republicaandrezz.com.br\/beta\/wp-content\/uploads\/2024\/06\/officia-2048x1072.png 2048w\" sizes=\"(max-width: 300px) 100vw, 300px\" \/>\t\t\t\t\t\t\t\t\t\t\t\t\t\t\t<\/div>\n\t\t\t\t<\/div>\n\t\t\t\t<div class=\"elementor-element elementor-element-7183d1c elementor-widget elementor-widget-spacer\" data-id=\"7183d1c\" data-element_type=\"widget\" data-e-type=\"widget\" data-widget_type=\"spacer.default\">\n\t\t\t\t<div class=\"elementor-widget-container\">\n\t\t\t\t\t\t\t<div class=\"elementor-spacer\">\n\t\t\t<div class=\"elementor-spacer-inner\"><\/div>\n\t\t<\/div>\n\t\t\t\t\t\t<\/div>\n\t\t\t\t<\/div>\n\t\t\t\t<div class=\"elementor-element elementor-element-5f31b35 elementor-widget elementor-widget-vt-caspiar_section_title\" data-id=\"5f31b35\" data-element_type=\"widget\" data-e-type=\"widget\" data-widget_type=\"vt-caspiar_section_title.default\">\n\t\t\t\t<div class=\"elementor-widget-container\">\n\t\t\t\t\t<div class=\"cspir-section-title \"><h2 class=\"section-title need-border\">Rep\u00fablica Masculina<\/h2><p>Nos envie uma mensagem:<\/p><\/div>\t\t\t\t<\/div>\n\t\t\t\t<\/div>\n\t\t\t\t<div class=\"elementor-element elementor-element-e84d99c elementor-button-success elementor-align-center elementor-widget elementor-widget-button\" data-id=\"e84d99c\" data-element_type=\"widget\" data-e-type=\"widget\" data-widget_type=\"button.default\">\n\t\t\t\t<div class=\"elementor-widget-container\">\n\t\t\t\t\t\t\t\t\t<div class=\"elementor-button-wrapper\">\n\t\t\t\t\t<a class=\"elementor-button elementor-button-link elementor-size-sm\" href=\"https:\/\/wa.me\/5531984972288?text=Ol%C3%A1%2C%20vim%20pelo%20site%20e%20gostaria%20de%20mais%20informa%C3%A7%C3%B5es%20sobre%20a%20rep%C3%BAblica.\">\n\t\t\t\t\t\t<span class=\"elementor-button-content-wrapper\">\n\t\t\t\t\t\t<span class=\"elementor-button-icon\">\n\t\t\t\t<svg aria-hidden=\"true\" class=\"e-font-icon-svg e-fab-whatsapp\" viewBox=\"0 0 448 512\" xmlns=\"http:\/\/www.w3.org\/2000\/svg\"><path d=\"M380.9 97.1C339 55.1 283.2 32 223.9 32c-122.4 0-222 99.6-222 222 0 39.1 10.2 77.3 29.6 111L0 480l117.7-30.9c32.4 17.7 68.9 27 106.1 27h.1c122.3 0 224.1-99.6 224.1-222 0-59.3-25.2-115-67.1-157zm-157 341.6c-33.2 0-65.7-8.9-94-25.7l-6.7-4-69.8 18.3L72 359.2l-4.4-7c-18.5-29.4-28.2-63.3-28.2-98.2 0-101.7 82.8-184.5 184.6-184.5 49.3 0 95.6 19.2 130.4 54.1 34.8 34.9 56.2 81.2 56.1 130.5 0 101.8-84.9 184.6-186.6 184.6zm101.2-138.2c-5.5-2.8-32.8-16.2-37.9-18-5.1-1.9-8.8-2.8-12.5 2.8-3.7 5.6-14.3 18-17.6 21.8-3.2 3.7-6.5 4.2-12 1.4-32.6-16.3-54-29.1-75.5-66-5.7-9.8 5.7-9.1 16.3-30.3 1.8-3.7.9-6.9-.5-9.7-1.4-2.8-12.5-30.1-17.1-41.2-4.5-10.8-9.1-9.3-12.5-9.5-3.2-.2-6.9-.2-10.6-.2-3.7 0-9.7 1.4-14.8 6.9-5.1 5.6-19.4 19-19.4 46.3 0 27.3 19.9 53.7 22.6 57.4 2.8 3.7 39.1 59.7 94.8 83.8 35.2 15.2 49 16.5 66.6 13.9 10.7-1.6 32.8-13.4 37.4-26.4 4.6-13 4.6-24.1 3.2-26.4-1.3-2.5-5-3.9-10.5-6.6z\"><\/path><\/svg>\t\t\t<\/span>\n\t\t\t\t\t\t\t\t\t<span class=\"elementor-button-text\">Enviar mensagem<\/span>\n\t\t\t\t\t<\/span>\n\t\t\t\t\t<\/a>\n\t\t\t\t<\/div>\n\t\t\t\t\t\t\t\t<\/div>\n\t\t\t\t<\/div>\n\t\t\t\t\t<\/div>\n\t\t\t\t<\/div>\n\t\t\t\t<div class=\"elementor-element elementor-element-b426610 elementor-widget elementor-widget-spacer\" data-id=\"b426610\" data-element_type=\"widget\" data-e-type=\"widget\" data-widget_type=\"spacer.default\">\n\t\t\t\t<div class=\"elementor-widget-container\">\n\t\t\t\t\t\t\t<div class=\"elementor-spacer\">\n\t\t\t<div class=\"elementor-spacer-inner\"><\/div>\n\t\t<\/div>\n\t\t\t\t\t\t<\/div>\n\t\t\t\t<\/div>\n\t\t\t\t<div class=\"elementor-element elementor-element-ce5d39d elementor-widget elementor-widget-vt-caspiar_section_title\" data-id=\"ce5d39d\" data-element_type=\"widget\" data-e-type=\"widget\" data-widget_type=\"vt-caspiar_section_title.default\">\n\t\t\t\t<div class=\"elementor-widget-container\">\n\t\t\t\t\t<div class=\"cspir-section-title \"><h2 class=\"section-title need-border\">Conhe\u00e7a nossas unidades<\/h2><p>Clique na unidade para saber mais<\/p><\/div>\t\t\t\t<\/div>\n\t\t\t\t<\/div>\n\t\t\t\t\t<\/div>\n\t\t<\/div>\n\t\t\t\t\t<\/div>\n\t\t<\/section>\n\t\t<div class=\"elementor-element elementor-element-723c523 e-grid e-con-boxed e-con e-parent\" data-id=\"723c523\" data-element_type=\"container\" data-e-type=\"container\">\n\t\t\t\t\t<div class=\"e-con-inner\">\n\t\t\t\t<div class=\"elementor-element elementor-element-8d7684d elementor-position-top elementor-widget elementor-widget-image-box\" data-id=\"8d7684d\" data-element_type=\"widget\" data-e-type=\"widget\" data-widget_type=\"image-box.default\">\n\t\t\t\t<div class=\"elementor-widget-container\">\n\t\t\t\t\t<div class=\"elementor-image-box-wrapper\"><figure class=\"elementor-image-box-img\"><a href=\"\/beta\/unidade-mineirao\" tabindex=\"-1\"><img decoding=\"async\" src=\"https:\/\/republicaandrezz.com.br\/beta\/wp-content\/uploads\/elementor\/thumbs\/image2-qtca7izmzrbaqobyyu46hk5xeexx8lm1udhrbk233c.png\" title=\"image2\" alt=\"image2\" class=\"elementor-animation-pulse\" loading=\"lazy\" \/><\/a><\/figure><div class=\"elementor-image-box-content\"><h3 class=\"elementor-image-box-title\"><a href=\"\/beta\/unidade-mineirao\">Unidade Mineir\u00e3o<\/a><\/h3><p class=\"elementor-image-box-description\">Av. Cel. Jos\u00e9 Dias Bicalho, 659 - Bairro S\u00e3o Lu\u00edz<\/p><\/div><\/div>\t\t\t\t<\/div>\n\t\t\t\t<\/div>\n\t\t\t\t<div class=\"elementor-element elementor-element-4cc2474 elementor-position-top elementor-widget elementor-widget-image-box\" data-id=\"4cc2474\" data-element_type=\"widget\" data-e-type=\"widget\" data-widget_type=\"image-box.default\">\n\t\t\t\t<div class=\"elementor-widget-container\">\n\t\t\t\t\t<div class=\"elementor-image-box-wrapper\"><figure class=\"elementor-image-box-img\"><a href=\"\/beta\/unidade-ouro-preto\" tabindex=\"-1\"><img decoding=\"async\" src=\"https:\/\/republicaandrezz.com.br\/beta\/wp-content\/uploads\/elementor\/thumbs\/programming-man-qtcejk749u4eedixfdbia3u6bpnsc1u9evi93q8668.png\" title=\"programming man\" alt=\"programming man\" class=\"elementor-animation-pulse\" loading=\"lazy\" \/><\/a><\/figure><div class=\"elementor-image-box-content\"><h3 class=\"elementor-image-box-title\"><a href=\"\/beta\/unidade-ouro-preto\">Unidade Ouro Preto<\/a><\/h3><p class=\"elementor-image-box-description\">Rua Guarda Cust\u00f3dio, 262 - Bairro Ouro Preto<\/p><\/div><\/div>\t\t\t\t<\/div>\n\t\t\t\t<\/div>\n\t\t\t\t<div class=\"elementor-element elementor-element-e0f053b elementor-position-top elementor-widget elementor-widget-image-box\" data-id=\"e0f053b\" data-element_type=\"widget\" data-e-type=\"widget\" data-widget_type=\"image-box.default\">\n\t\t\t\t<div class=\"elementor-widget-container\">\n\t\t\t\t\t<div class=\"elementor-image-box-wrapper\"><figure class=\"elementor-image-box-img\"><a href=\"\/beta\/unidade-sao-luiz\" tabindex=\"-1\"><img decoding=\"async\" src=\"https:\/\/republicaandrezz.com.br\/beta\/wp-content\/uploads\/elementor\/thumbs\/home-qtcacma60ga7mmxq8jcfhrwt8juhxktpjkpfwiibe0.png\" title=\"home\" alt=\"home\" class=\"elementor-animation-pulse\" loading=\"lazy\" \/><\/a><\/figure><div class=\"elementor-image-box-content\"><h3 class=\"elementor-image-box-title\"><a href=\"\/beta\/unidade-sao-luiz\">Unidade S\u00e3o Lu\u00edz<\/a><\/h3><p class=\"elementor-image-box-description\">Rua Henrique Cabral, 688 - Bairro S\u00e3o Lu\u00edz<\/p><\/div><\/div>\t\t\t\t<\/div>\n\t\t\t\t<\/div>\n\t\t\t\t\t<\/div>\n\t\t\t\t<\/div>\n\t\t<div class=\"elementor-element elementor-element-131c684 e-grid e-con-boxed e-con e-parent\" data-id=\"131c684\" data-element_type=\"container\" data-e-type=\"container\" data-settings=\"{&quot;background_background&quot;:&quot;gradient&quot;}\">\n\t\t\t\t\t<div class=\"e-con-inner\">\n\t\t\t\t<div class=\"elementor-element elementor-element-c7be970 elementor-button-success elementor-align-center elementor-widget elementor-widget-button\" data-id=\"c7be970\" data-element_type=\"widget\" data-e-type=\"widget\" data-widget_type=\"button.default\">\n\t\t\t\t<div class=\"elementor-widget-container\">\n\t\t\t\t\t\t\t\t\t<div class=\"elementor-button-wrapper\">\n\t\t\t\t\t<a class=\"elementor-button elementor-button-link elementor-size-sm\" href=\"https:\/\/wa.me\/5531984972288?text=Ol%C3%A1%2C%20vim%20pelo%20site%20e%20gostaria%20de%20mais%20informa%C3%A7%C3%B5es%20sobre%20a%20rep%C3%BAblica.\">\n\t\t\t\t\t\t<span class=\"elementor-button-content-wrapper\">\n\t\t\t\t\t\t<span class=\"elementor-button-icon\">\n\t\t\t\t<svg aria-hidden=\"true\" class=\"e-font-icon-svg e-fab-whatsapp\" viewBox=\"0 0 448 512\" xmlns=\"http:\/\/www.w3.org\/2000\/svg\"><path d=\"M380.9 97.1C339 55.1 283.2 32 223.9 32c-122.4 0-222 99.6-222 222 0 39.1 10.2 77.3 29.6 111L0 480l117.7-30.9c32.4 17.7 68.9 27 106.1 27h.1c122.3 0 224.1-99.6 224.1-222 0-59.3-25.2-115-67.1-157zm-157 341.6c-33.2 0-65.7-8.9-94-25.7l-6.7-4-69.8 18.3L72 359.2l-4.4-7c-18.5-29.4-28.2-63.3-28.2-98.2 0-101.7 82.8-184.5 184.6-184.5 49.3 0 95.6 19.2 130.4 54.1 34.8 34.9 56.2 81.2 56.1 130.5 0 101.8-84.9 184.6-186.6 184.6zm101.2-138.2c-5.5-2.8-32.8-16.2-37.9-18-5.1-1.9-8.8-2.8-12.5 2.8-3.7 5.6-14.3 18-17.6 21.8-3.2 3.7-6.5 4.2-12 1.4-32.6-16.3-54-29.1-75.5-66-5.7-9.8 5.7-9.1 16.3-30.3 1.8-3.7.9-6.9-.5-9.7-1.4-2.8-12.5-30.1-17.1-41.2-4.5-10.8-9.1-9.3-12.5-9.5-3.2-.2-6.9-.2-10.6-.2-3.7 0-9.7 1.4-14.8 6.9-5.1 5.6-19.4 19-19.4 46.3 0 27.3 19.9 53.7 22.6 57.4 2.8 3.7 39.1 59.7 94.8 83.8 35.2 15.2 49 16.5 66.6 13.9 10.7-1.6 32.8-13.4 37.4-26.4 4.6-13 4.6-24.1 3.2-26.4-1.3-2.5-5-3.9-10.5-6.6z\"><\/path><\/svg>\t\t\t<\/span>\n\t\t\t\t\t\t\t\t\t<span class=\"elementor-button-text\">Enviar mensagem<\/span>\n\t\t\t\t\t<\/span>\n\t\t\t\t\t<\/a>\n\t\t\t\t<\/div>\n\t\t\t\t\t\t\t\t<\/div>\n\t\t\t\t<\/div>\n\t\t\t\t<div class=\"elementor-element elementor-element-f3320b3 elementor-widget elementor-widget-spacer\" data-id=\"f3320b3\" data-element_type=\"widget\" data-e-type=\"widget\" data-widget_type=\"spacer.default\">\n\t\t\t\t<div class=\"elementor-widget-container\">\n\t\t\t\t\t\t\t<div class=\"elementor-spacer\">\n\t\t\t<div class=\"elementor-spacer-inner\"><\/div>\n\t\t<\/div>\n\t\t\t\t\t\t<\/div>\n\t\t\t\t<\/div>\n\t\t\t\t\t<\/div>\n\t\t\t\t<\/div>\n\t\t\t\t<\/div>\n\t\t","protected":false},"excerpt":{"rendered":"Rep\u00fablica Masculina Nos envie uma mensagem: Enviar mensagem Conhe\u00e7a nossas unidades Clique na unidade para saber mais Unidade Mineir\u00e3o Av. Cel. Jos\u00e9 Dias Bicalho, 659 &#8211; Bairro S\u00e3o Lu\u00edz Unidade Ouro Preto Rua Guarda Cust\u00f3dio, 262 &#8211; Bairro Ouro Preto Unidade S\u00e3o Lu\u00edz Rua Henrique Cabral, 688 &#8211; Bairro S\u00e3o Lu\u00edz Enviar mensagem","protected":false},"author":1,"featured_media":0,"parent":0,"menu_order":0,"comment_status":"closed","ping_status":"closed","template":"","meta":{"nf_dc_page":"","footnotes":""},"class_list":["post-4640","page","type-page","status-publish","hentry"],"_links":{"self":[{"href":"https:\/\/republicaandrezz.com.br\/beta\/wp-json\/wp\/v2\/pages\/4640","targetHints":{"allow":["GET"]}}],"collection":[{"href":"https:\/\/republicaandrezz.com.br\/beta\/wp-json\/wp\/v2\/pages"}],"about":[{"href":"https:\/\/republicaandrezz.com.br\/beta\/wp-json\/wp\/v2\/types\/page"}],"author":[{"embeddable":true,"href":"https:\/\/republicaandrezz.com.br\/beta\/wp-json\/wp\/v2\/users\/1"}],"replies":[{"embeddable":true,"href":"https:\/\/republicaandrezz.com.br\/beta\/wp-json\/wp\/v2\/comments?post=4640"}],"version-history":[{"count":5,"href":"https:\/\/republicaandrezz.com.br\/beta\/wp-json\/wp\/v2\/pages\/4640\/revisions"}],"predecessor-version":[{"id":4848,"href":"https:\/\/republicaandrezz.com.br\/beta\/wp-json\/wp\/v2\/pages\/4640\/revisions\/4848"}],"wp:attachment":[{"href":"https:\/\/republicaandrezz.com.br\/beta\/wp-json\/wp\/v2\/media?parent=4640"}],"curies":[{"name":"wp","href":"https:\/\/api.w.org\/{rel}","templated":true}]}}